{"id":2555,"date":"2022-11-18T14:34:20","date_gmt":"2022-11-18T14:34:20","guid":{"rendered":"https:\/\/empireattachments.com\/location\/excavatrice-compacte-2021-john-deere-60g\/"},"modified":"2022-11-18T14:42:34","modified_gmt":"2022-11-18T14:42:34","slug":"excavatrice-compacte-2021-john-deere-60g","status":"publish","type":"page","link":"https:\/\/empireattachments.com\/fr\/location\/excavatrice-compacte-2021-john-deere-60g\/","title":{"rendered":"Excavatrice compacte 2021 John Deere 60G"},"content":{"rendered":"\t\t<div data-elementor-type=\"wp-page\" data-elementor-id=\"2555\" class=\"elementor elementor-2555 elementor-2540\" data-elementor-post-type=\"page\">\n\t\t\t\t\t\t<section class=\"elementor-section elementor-top-section elementor-element elementor-element-56a87e9 elementor-section-boxed elementor-section-height-default elementor-section-height-default\" data-id=\"56a87e9\" data-element_type=\"section\" data-e-type=\"section\">\n\t\t\t\t\t\t<div class=\"elementor-container elementor-column-gap-default\">\n\t\t\t\t\t<div class=\"elementor-column elementor-col-100 elementor-top-column elementor-element elementor-element-92d7ab4\" data-id=\"92d7ab4\" data-element_type=\"column\" data-e-type=\"column\">\n\t\t\t<div class=\"elementor-widget-wrap elementor-element-populated\">\n\t\t\t\t\t\t<div class=\"elementor-element elementor-element-54a296b elementor-widget elementor-widget-heading\" data-id=\"54a296b\" data-element_type=\"widget\" data-e-type=\"widget\" data-widget_type=\"heading.default\">\n\t\t\t\t<div class=\"elementor-widget-container\">\n\t\t\t\t\t<h2 class=\"elementor-heading-title elementor-size-default\">Excavatrice compacte 2021 John Deere 60G<\/h2>\t\t\t\t<\/div>\n\t\t\t\t<\/div>\n\t\t\t\t\t<\/div>\n\t\t<\/div>\n\t\t\t\t\t<\/div>\n\t\t<\/section>\n\t\t\t\t<section class=\"elementor-section elementor-top-section elementor-element elementor-element-d54bb55 elementor-reverse-mobile elementor-section-boxed elementor-section-height-default elementor-section-height-default\" data-id=\"d54bb55\" data-element_type=\"section\" data-e-type=\"section\">\n\t\t\t\t\t\t<div class=\"elementor-container elementor-column-gap-default\">\n\t\t\t\t\t<div class=\"elementor-column elementor-col-50 elementor-top-column elementor-element elementor-element-0991f4a\" data-id=\"0991f4a\" data-element_type=\"column\" data-e-type=\"column\">\n\t\t\t<div class=\"elementor-widget-wrap elementor-element-populated\">\n\t\t\t\t\t\t<div class=\"elementor-element elementor-element-eabc70a elementor-skin-slideshow elementor-arrows-yes elementor-widget elementor-widget-media-carousel\" data-id=\"eabc70a\" data-element_type=\"widget\" data-e-type=\"widget\" data-settings=\"{&quot;skin&quot;:&quot;slideshow&quot;,&quot;centered_slides&quot;:&quot;yes&quot;,&quot;effect&quot;:&quot;slide&quot;,&quot;show_arrows&quot;:&quot;yes&quot;,&quot;speed&quot;:500,&quot;autoplay&quot;:&quot;yes&quot;,&quot;autoplay_speed&quot;:5000,&quot;loop&quot;:&quot;yes&quot;,&quot;pause_on_hover&quot;:&quot;yes&quot;,&quot;pause_on_interaction&quot;:&quot;yes&quot;,&quot;space_between&quot;:{&quot;unit&quot;:&quot;px&quot;,&quot;size&quot;:10,&quot;sizes&quot;:[]},&quot;space_between_tablet&quot;:{&quot;unit&quot;:&quot;px&quot;,&quot;size&quot;:10,&quot;sizes&quot;:[]},&quot;space_between_mobile&quot;:{&quot;unit&quot;:&quot;px&quot;,&quot;size&quot;:10,&quot;sizes&quot;:[]}}\" data-widget_type=\"media-carousel.default\">\n\t\t\t\t<div class=\"elementor-widget-container\">\n\t\t\t\t\t\t\t<div class=\"elementor-swiper\">\n\t\t\t<div class=\"elementor-main-swiper swiper-container\">\n\t\t\t\t<div class=\"swiper-wrapper\">\n\t\t\t\t\t\t\t\t\t\t\t<div class=\"swiper-slide\">\n\t\t\t\t\t\t\t<a href=\"https:\/\/empireattachments.com\/wp-content\/uploads\/2022\/11\/Empire-Attachments-Rentals.jpg\" data-elementor-open-lightbox=\"yes\" data-elementor-lightbox-slideshow=\"eabc70a\" data-elementor-lightbox-title=\"Empire-Attachments-Rentals\" data-e-action-hash=\"#elementor-action%3Aaction%3Dlightbox%26settings%3DeyJpZCI6MjUzMywidXJsIjoiaHR0cHM6XC9cL2VtcGlyZWF0dGFjaG1lbnRzLmNvbVwvd3AtY29udGVudFwvdXBsb2Fkc1wvMjAyMlwvMTFcL0VtcGlyZS1BdHRhY2htZW50cy1SZW50YWxzLmpwZyIsInNsaWRlc2hvdyI6ImVhYmM3MGEifQ%3D%3D\">\t\t<div class=\"elementor-carousel-image\" role=\"img\" aria-label=\"Empire-Attachments-Rentals\" style=\"background-image: url(&#039;https:\/\/empireattachments.com\/wp-content\/uploads\/2022\/11\/Empire-Attachments-Rentals.jpg&#039;)\">\n\n\t\t\t\n\t\t\t\t\t<\/div>\n\t\t<\/a>\t\t\t\t\t\t<\/div>\n\t\t\t\t\t\t\t\t\t\t\t<div class=\"swiper-slide\">\n\t\t\t\t\t\t\t<a href=\"https:\/\/empireattachments.com\/wp-content\/uploads\/2022\/11\/Empire-Attachments-Rental.jpg\" data-elementor-open-lightbox=\"yes\" data-elementor-lightbox-slideshow=\"eabc70a\" data-elementor-lightbox-title=\"Empire-Attachments-Rental\" data-e-action-hash=\"#elementor-action%3Aaction%3Dlightbox%26settings%3DeyJpZCI6MjUzMSwidXJsIjoiaHR0cHM6XC9cL2VtcGlyZWF0dGFjaG1lbnRzLmNvbVwvd3AtY29udGVudFwvdXBsb2Fkc1wvMjAyMlwvMTFcL0VtcGlyZS1BdHRhY2htZW50cy1SZW50YWwuanBnIiwic2xpZGVzaG93IjoiZWFiYzcwYSJ9\">\t\t<div class=\"elementor-carousel-image\" role=\"img\" aria-label=\"Empire-Attachments-Rental\" style=\"background-image: url(&#039;https:\/\/empireattachments.com\/wp-content\/uploads\/2022\/11\/Empire-Attachments-Rental.jpg&#039;)\">\n\n\t\t\t\n\t\t\t\t\t<\/div>\n\t\t<\/a>\t\t\t\t\t\t<\/div>\n\t\t\t\t\t\t\t\t\t\t\t<div class=\"swiper-slide\">\n\t\t\t\t\t\t\t<a href=\"https:\/\/empireattachments.com\/wp-content\/uploads\/2022\/11\/Empire-Attachments-Rental1-2.jpg\" data-elementor-open-lightbox=\"yes\" data-elementor-lightbox-slideshow=\"eabc70a\" data-elementor-lightbox-title=\"Empire-Attachments-Rental1 (2)\" data-e-action-hash=\"#elementor-action%3Aaction%3Dlightbox%26settings%3DeyJpZCI6MjUyOSwidXJsIjoiaHR0cHM6XC9cL2VtcGlyZWF0dGFjaG1lbnRzLmNvbVwvd3AtY29udGVudFwvdXBsb2Fkc1wvMjAyMlwvMTFcL0VtcGlyZS1BdHRhY2htZW50cy1SZW50YWwxLTIuanBnIiwic2xpZGVzaG93IjoiZWFiYzcwYSJ9\">\t\t<div class=\"elementor-carousel-image\" role=\"img\" aria-label=\"Empire-Attachments-Rental1 (2)\" style=\"background-image: url(&#039;https:\/\/empireattachments.com\/wp-content\/uploads\/2022\/11\/Empire-Attachments-Rental1-2.jpg&#039;)\">\n\n\t\t\t\n\t\t\t\t\t<\/div>\n\t\t<\/a>\t\t\t\t\t\t<\/div>\n\t\t\t\t\t\t\t\t\t\t\t<div class=\"swiper-slide\">\n\t\t\t\t\t\t\t<a href=\"https:\/\/empireattachments.com\/wp-content\/uploads\/2022\/11\/Empire-Attachments-Rental1-1.jpg\" data-elementor-open-lightbox=\"yes\" data-elementor-lightbox-slideshow=\"eabc70a\" data-elementor-lightbox-title=\"Empire-Attachments-Rental1 (1)\" data-e-action-hash=\"#elementor-action%3Aaction%3Dlightbox%26settings%3DeyJpZCI6MjUyNywidXJsIjoiaHR0cHM6XC9cL2VtcGlyZWF0dGFjaG1lbnRzLmNvbVwvd3AtY29udGVudFwvdXBsb2Fkc1wvMjAyMlwvMTFcL0VtcGlyZS1BdHRhY2htZW50cy1SZW50YWwxLTEuanBnIiwic2xpZGVzaG93IjoiZWFiYzcwYSJ9\">\t\t<div class=\"elementor-carousel-image\" role=\"img\" aria-label=\"Empire-Attachments-Rental1 (1)\" style=\"background-image: url(&#039;https:\/\/empireattachments.com\/wp-content\/uploads\/2022\/11\/Empire-Attachments-Rental1-1.jpg&#039;)\">\n\n\t\t\t\n\t\t\t\t\t<\/div>\n\t\t<\/a>\t\t\t\t\t\t<\/div>\n\t\t\t\t\t\t\t\t\t<\/div>\n\t\t\t\t\t\t\t\t\t\t\t\t\t\t\t\t\t\t\t\t<div class=\"elementor-swiper-button elementor-swiper-button-prev\" role=\"button\" tabindex=\"0\">\n\t\t\t\t\t\t\t<i aria-hidden=\"true\" class=\"eicon-chevron-left\"><\/i>\t\t\t\t\t\t\t<span class=\"elementor-screen-only\">Pr\u00e9c\u00e9dent<\/span>\n\t\t\t\t\t\t<\/div>\n\t\t\t\t\t\t<div class=\"elementor-swiper-button elementor-swiper-button-next\" role=\"button\" tabindex=\"0\">\n\t\t\t\t\t\t\t<i aria-hidden=\"true\" class=\"eicon-chevron-right\"><\/i>\t\t\t\t\t\t\t<span class=\"elementor-screen-only\">Suivant<\/span>\n\t\t\t\t\t\t<\/div>\n\t\t\t\t\t\t\t\t\t\t\t\t<\/div>\n\t\t<\/div>\n\t\t\t\t<div class=\"elementor-swiper\">\n\t\t\t<div class=\"elementor-thumbnails-swiper swiper-container\">\n\t\t\t\t<div class=\"swiper-wrapper\">\n\t\t\t\t\t\t\t\t\t\t\t<div class=\"swiper-slide\">\n\t\t\t\t\t\t\t\t\t<div class=\"elementor-carousel-image\" role=\"img\" aria-label=\"Empire-Attachments-Rentals\" style=\"background-image: url(&#039;https:\/\/empireattachments.com\/wp-content\/uploads\/2022\/11\/Empire-Attachments-Rentals.jpg&#039;)\">\n\n\t\t\t\n\t\t\t\t\t<\/div>\n\t\t<\/a>\t\t\t\t\t\t<\/div>\n\t\t\t\t\t\t\t\t\t\t\t<div class=\"swiper-slide\">\n\t\t\t\t\t\t\t\t\t<div class=\"elementor-carousel-image\" role=\"img\" aria-label=\"Empire-Attachments-Rental\" style=\"background-image: url(&#039;https:\/\/empireattachments.com\/wp-content\/uploads\/2022\/11\/Empire-Attachments-Rental.jpg&#039;)\">\n\n\t\t\t\n\t\t\t\t\t<\/div>\n\t\t<\/a>\t\t\t\t\t\t<\/div>\n\t\t\t\t\t\t\t\t\t\t\t<div class=\"swiper-slide\">\n\t\t\t\t\t\t\t\t\t<div class=\"elementor-carousel-image\" role=\"img\" aria-label=\"Empire-Attachments-Rental1 (2)\" style=\"background-image: url(&#039;https:\/\/empireattachments.com\/wp-content\/uploads\/2022\/11\/Empire-Attachments-Rental1-2.jpg&#039;)\">\n\n\t\t\t\n\t\t\t\t\t<\/div>\n\t\t<\/a>\t\t\t\t\t\t<\/div>\n\t\t\t\t\t\t\t\t\t\t\t<div class=\"swiper-slide\">\n\t\t\t\t\t\t\t\t\t<div class=\"elementor-carousel-image\" role=\"img\" aria-label=\"Empire-Attachments-Rental1 (1)\" style=\"background-image: url(&#039;https:\/\/empireattachments.com\/wp-content\/uploads\/2022\/11\/Empire-Attachments-Rental1-1.jpg&#039;)\">\n\n\t\t\t\n\t\t\t\t\t<\/div>\n\t\t<\/a>\t\t\t\t\t\t<\/div>\n\t\t\t\t\t\t\t\t\t<\/div>\n\t\t\t\t\t\t\t\t\t\t\t\t\t\t\t\t\t\t\t\t\t<\/div>\n\t\t<\/div>\n\t\t\t\t\t\t<\/div>\n\t\t\t\t<\/div>\n\t\t\t\t\t<\/div>\n\t\t<\/div>\n\t\t\t\t<div class=\"elementor-column elementor-col-50 elementor-top-column elementor-element elementor-element-57f2fdb\" data-id=\"57f2fdb\" data-element_type=\"column\" data-e-type=\"column\">\n\t\t\t<div class=\"elementor-widget-wrap elementor-element-populated\">\n\t\t\t\t\t\t<div class=\"elementor-element elementor-element-d819d2f elementor-widget elementor-widget-text-editor\" data-id=\"d819d2f\" data-element_type=\"widget\" data-e-type=\"widget\" data-widget_type=\"text-editor.default\">\n\t\t\t\t<div class=\"elementor-widget-container\">\n\t\t\t\t\t\t\t\t\t<p><strong>Description:&nbsp;<\/strong><br>&#8211; Poids: 6&nbsp;180 kg (13&nbsp;620 lb)<br>&#8211; Largeur de piste: 79 pouces<br>&#8211; Chenille en caoutchouc<br>&#8211; Profondeur de creusement: 148 pouces<br>&#8211; Comprends un godet \u00e0 dents de 24 pouces, un godet \u00e0 foss\u00e9 de 40 pouces<br>&#8211; Lame de bulldozer<br>&#8211; Pouce hydraulique<br>&#8211; Plomberie auxiliaire install\u00e9e pour les options de marteau, de souche, de tari\u00e8re et de broyeur<br>\u00e9galement disponible \u00e0 la location !<\/p>\n<p>Pour plus d&rsquo;informations, appelez le<a href=\"tel:18665760720\"> 866-576-0720<\/a> ou envoyez-nous un e-mail \u00e0 <a href=\"mailto:sales@empireattachments\">sales@empireattachments<\/a>.<\/p>\t\t\t\t\t\t\t\t<\/div>\n\t\t\t\t<\/div>\n\t\t\t\t\t<\/div>\n\t\t<\/div>\n\t\t\t\t\t<\/div>\n\t\t<\/section>\n\t\t\t\t<\/div>\n\t\t","protected":false},"excerpt":{"rendered":"<p>Excavatrice compacte 2021 John Deere 60G Previous Next Description:&nbsp;&#8211; Poids: 6&nbsp;180 kg (13&nbsp;620 lb)&#8211; Largeur de piste: 79 pouces&#8211; Chenille en caoutchouc&#8211; Profondeur de creusement: 148 pouces&#8211; Comprends un godet \u00e0 dents de 24 pouces, un godet \u00e0 foss\u00e9 de 40 pouces&#8211; Lame de bulldozer&#8211; Pouce hydraulique&#8211; Plomberie auxiliaire install\u00e9e pour les options de marteau, [&hellip;]<\/p>\n","protected":false},"author":1,"featured_media":0,"parent":2487,"menu_order":0,"comment_status":"closed","ping_status":"closed","template":"","meta":{"inline_featured_image":false,"site-sidebar-layout":"no-sidebar","site-content-layout":"page-builder","ast-site-content-layout":"","site-content-style":"default","site-sidebar-style":"default","ast-global-header-display":"","ast-banner-title-visibility":"","ast-main-header-display":"","ast-hfb-above-header-display":"","ast-hfb-below-header-display":"","ast-hfb-mobile-header-display":"","site-post-title":"disabled","ast-breadcrumbs-content":"","ast-featured-img":"disabled","footer-sml-layout":"","theme-transparent-header-meta":"","adv-header-id-meta":"","stick-header-meta":"","header-above-stick-meta":"","header-main-stick-meta":"","header-below-stick-meta":"","astra-migrate-meta-layouts":"default","ast-page-background-enabled":"default","ast-page-background-meta":{"desktop":{"background-color":"","background-image":"","background-repeat":"repeat","background-position":"center center","background-size":"auto","background-attachment":"scroll","background-type":"","background-media":"","overlay-type":"","overlay-color":"","overlay-opacity":"","overlay-gradient":""},"tablet":{"background-color":"","background-image":"","background-repeat":"repeat","background-position":"center center","background-size":"auto","background-attachment":"scroll","background-type":"","background-media":"","overlay-type":"","overlay-color":"","overlay-opacity":"","overlay-gradient":""},"mobile":{"background-color":"","background-image":"","background-repeat":"repeat","background-position":"center center","background-size":"auto","background-attachment":"scroll","background-type":"","background-media":"","overlay-type":"","overlay-color":"","overlay-opacity":"","overlay-gradient":""}},"ast-content-background-meta":{"desktop":{"background-color":"var(--ast-global-color-5)","background-image":"","background-repeat":"repeat","background-position":"center center","background-size":"auto","background-attachment":"scroll","background-type":"","background-media":"","overlay-type":"","overlay-color":"","overlay-opacity":"","overlay-gradient":""},"tablet":{"background-color":"var(--ast-global-color-5)","background-image":"","background-repeat":"repeat","background-position":"center center","background-size":"auto","background-attachment":"scroll","background-type":"","background-media":"","overlay-type":"","overlay-color":"","overlay-opacity":"","overlay-gradient":""},"mobile":{"background-color":"var(--ast-global-color-5)","background-image":"","background-repeat":"repeat","background-position":"center center","background-size":"auto","background-attachment":"scroll","background-type":"","background-media":"","overlay-type":"","overlay-color":"","overlay-opacity":"","overlay-gradient":""}},"footnotes":""},"class_list":["post-2555","page","type-page","status-publish","hentry"],"_links":{"self":[{"href":"https:\/\/empireattachments.com\/fr\/wp-json\/wp\/v2\/pages\/2555","targetHints":{"allow":["GET"]}}],"collection":[{"href":"https:\/\/empireattachments.com\/fr\/wp-json\/wp\/v2\/pages"}],"about":[{"href":"https:\/\/empireattachments.com\/fr\/wp-json\/wp\/v2\/types\/page"}],"author":[{"embeddable":true,"href":"https:\/\/empireattachments.com\/fr\/wp-json\/wp\/v2\/users\/1"}],"replies":[{"embeddable":true,"href":"https:\/\/empireattachments.com\/fr\/wp-json\/wp\/v2\/comments?post=2555"}],"version-history":[{"count":10,"href":"https:\/\/empireattachments.com\/fr\/wp-json\/wp\/v2\/pages\/2555\/revisions"}],"predecessor-version":[{"id":2583,"href":"https:\/\/empireattachments.com\/fr\/wp-json\/wp\/v2\/pages\/2555\/revisions\/2583"}],"up":[{"embeddable":true,"href":"https:\/\/empireattachments.com\/fr\/wp-json\/wp\/v2\/pages\/2487"}],"wp:attachment":[{"href":"https:\/\/empireattachments.com\/fr\/wp-json\/wp\/v2\/media?parent=2555"}],"curies":[{"name":"wp","href":"https:\/\/api.w.org\/{rel}","templated":true}]}}