{"id":2671,"date":"2022-11-21T16:44:57","date_gmt":"2022-11-21T16:44:57","guid":{"rendered":"https:\/\/empireattachments.com\/location\/dechiqueteuse-a-brosses-eeger-beever-812\/"},"modified":"2022-11-21T16:46:37","modified_gmt":"2022-11-21T16:46:37","slug":"dechiqueteuse-a-brosses-eeger-beever-812","status":"publish","type":"page","link":"https:\/\/empireattachments.com\/fr\/location\/dechiqueteuse-a-brosses-eeger-beever-812\/","title":{"rendered":"D\u00c9CHIQUETEUSE \u00c0 BROSSES EEGER BEEVER\u2122 812"},"content":{"rendered":"\t\t<div data-elementor-type=\"wp-page\" data-elementor-id=\"2671\" class=\"elementor elementor-2671 elementor-2655\" data-elementor-post-type=\"page\">\n\t\t\t\t\t\t<section class=\"elementor-section elementor-top-section elementor-element elementor-element-56a87e9 elementor-section-boxed elementor-section-height-default elementor-section-height-default\" data-id=\"56a87e9\" data-element_type=\"section\" data-e-type=\"section\">\n\t\t\t\t\t\t<div class=\"elementor-container elementor-column-gap-default\">\n\t\t\t\t\t<div class=\"elementor-column elementor-col-100 elementor-top-column elementor-element elementor-element-92d7ab4\" data-id=\"92d7ab4\" data-element_type=\"column\" data-e-type=\"column\">\n\t\t\t<div class=\"elementor-widget-wrap elementor-element-populated\">\n\t\t\t\t\t\t<div class=\"elementor-element elementor-element-54a296b elementor-widget elementor-widget-heading\" data-id=\"54a296b\" data-element_type=\"widget\" data-e-type=\"widget\" data-widget_type=\"heading.default\">\n\t\t\t\t<div class=\"elementor-widget-container\">\n\t\t\t\t\t<h2 class=\"elementor-heading-title elementor-size-default\">D\u00c9CHIQUETEUSE \u00c0 BROSSES EEGER BEEVER\u2122 812<\/h2>\t\t\t\t<\/div>\n\t\t\t\t<\/div>\n\t\t\t\t\t<\/div>\n\t\t<\/div>\n\t\t\t\t\t<\/div>\n\t\t<\/section>\n\t\t\t\t<section class=\"elementor-section elementor-top-section elementor-element elementor-element-d54bb55 elementor-reverse-mobile elementor-section-boxed elementor-section-height-default elementor-section-height-default\" data-id=\"d54bb55\" data-element_type=\"section\" data-e-type=\"section\">\n\t\t\t\t\t\t<div class=\"elementor-container elementor-column-gap-default\">\n\t\t\t\t\t<div class=\"elementor-column elementor-col-50 elementor-top-column elementor-element elementor-element-0991f4a\" data-id=\"0991f4a\" data-element_type=\"column\" data-e-type=\"column\">\n\t\t\t<div class=\"elementor-widget-wrap elementor-element-populated\">\n\t\t\t\t\t\t<div class=\"elementor-element elementor-element-eabc70a elementor-skin-slideshow elementor-arrows-yes elementor-widget elementor-widget-media-carousel\" data-id=\"eabc70a\" data-element_type=\"widget\" data-e-type=\"widget\" data-settings=\"{&quot;skin&quot;:&quot;slideshow&quot;,&quot;centered_slides&quot;:&quot;yes&quot;,&quot;effect&quot;:&quot;slide&quot;,&quot;show_arrows&quot;:&quot;yes&quot;,&quot;speed&quot;:500,&quot;autoplay&quot;:&quot;yes&quot;,&quot;autoplay_speed&quot;:5000,&quot;loop&quot;:&quot;yes&quot;,&quot;pause_on_hover&quot;:&quot;yes&quot;,&quot;pause_on_interaction&quot;:&quot;yes&quot;,&quot;space_between&quot;:{&quot;unit&quot;:&quot;px&quot;,&quot;size&quot;:10,&quot;sizes&quot;:[]},&quot;space_between_tablet&quot;:{&quot;unit&quot;:&quot;px&quot;,&quot;size&quot;:10,&quot;sizes&quot;:[]},&quot;space_between_mobile&quot;:{&quot;unit&quot;:&quot;px&quot;,&quot;size&quot;:10,&quot;sizes&quot;:[]}}\" data-widget_type=\"media-carousel.default\">\n\t\t\t\t<div class=\"elementor-widget-container\">\n\t\t\t\t\t\t\t<div class=\"elementor-swiper\">\n\t\t\t<div class=\"elementor-main-swiper swiper-container\">\n\t\t\t\t<div class=\"swiper-wrapper\">\n\t\t\t\t\t\t\t\t\t\t\t<div class=\"swiper-slide\">\n\t\t\t\t\t\t\t<a href=\"https:\/\/empireattachments.com\/wp-content\/uploads\/2022\/11\/Empire-Attachements-rental-1.jpg\" data-elementor-open-lightbox=\"yes\" data-elementor-lightbox-slideshow=\"eabc70a\" data-elementor-lightbox-title=\"Empire-Attachements-rental (1)\" data-e-action-hash=\"#elementor-action%3Aaction%3Dlightbox%26settings%3DeyJpZCI6MjY0MiwidXJsIjoiaHR0cHM6XC9cL2VtcGlyZWF0dGFjaG1lbnRzLmNvbVwvd3AtY29udGVudFwvdXBsb2Fkc1wvMjAyMlwvMTFcL0VtcGlyZS1BdHRhY2hlbWVudHMtcmVudGFsLTEuanBnIiwic2xpZGVzaG93IjoiZWFiYzcwYSJ9\">\t\t<div class=\"elementor-carousel-image\" role=\"img\" aria-label=\"Empire-Attachements-rental (1)\" style=\"background-image: url(&#039;https:\/\/empireattachments.com\/wp-content\/uploads\/2022\/11\/Empire-Attachements-rental-1.jpg&#039;)\">\n\n\t\t\t\n\t\t\t\t\t<\/div>\n\t\t<\/a>\t\t\t\t\t\t<\/div>\n\t\t\t\t\t\t\t\t\t<\/div>\n\t\t\t\t\t\t\t<\/div>\n\t\t<\/div>\n\t\t\t\t\t\t<\/div>\n\t\t\t\t<\/div>\n\t\t\t\t\t<\/div>\n\t\t<\/div>\n\t\t\t\t<div class=\"elementor-column elementor-col-50 elementor-top-column elementor-element elementor-element-57f2fdb\" data-id=\"57f2fdb\" data-element_type=\"column\" data-e-type=\"column\">\n\t\t\t<div class=\"elementor-widget-wrap elementor-element-populated\">\n\t\t\t\t\t\t<div class=\"elementor-element elementor-element-d819d2f elementor-widget elementor-widget-text-editor\" data-id=\"d819d2f\" data-element_type=\"widget\" data-e-type=\"widget\" data-widget_type=\"text-editor.default\">\n\t\t\t\t<div class=\"elementor-widget-container\">\n\t\t\t\t\t\t\t\t\t<p><strong>Description:\u00a0\u00a0<\/strong><\/p><p>Le broyeur \u00e0 brosse Eeger Beever 812 est le seul broyeur de sa cat\u00e9gorie \u00e0 disposer \u00e0 la fois d&rsquo;une large goulotte d&rsquo;alimentation et d&rsquo;un disque de broyage de grand diam\u00e8tre. La combinaison offre aux op\u00e9rateurs une facilit\u00e9 d&rsquo;alimentation du mat\u00e9riau avec moins de travail de coupe et de sciage n\u00e9cessaire pour traiter le mat\u00e9riau et une plus grande efficacit\u00e9 de d\u00e9chiquetage pour alimenter le mat\u00e9riau et terminer les travaux plus rapidement.<\/p><p>Dot\u00e9 d&rsquo;un disque de d\u00e9chiquetage \u00e0 entra\u00eenement direct, il suffit de d\u00e9marrer la machine, d&rsquo;acc\u00e9l\u00e9rer \u00e0 plein r\u00e9gime et d&rsquo;engager la barre de commande d&rsquo;alimentation. De plus, le plateau d&rsquo;alimentation pliable se range rapidement et se verrouille en position pour faciliter le transport. Parfait pour les chantiers de location, les paysagistes, les terrains de golf, les vergers, les \u00e9quipes d&rsquo;\u00e9lagage, etc., le broyeur Eager Beever 812 est facile \u00e0 utiliser, \u00e0 transporter, \u00e0 utiliser et \u00e0 entretenir.<\/p><ul><li>Hauteur: 7&rsquo;7\u00a0\u00bb<\/li><li>Largeur: 5&rsquo;3&Prime;<\/li><li>Longueur (transport): 12&rsquo;4&Prime;<\/li><li>Longueur: 14&rsquo;8&Prime;<\/li><li>Poids brut (approximatif): 2 500 lb<\/li><li>Suspension: torsion de 2 500 lb<\/li><li>Ouverture d&rsquo;alimentation: 33,5&Prime; x 24,5&Prime;<\/li><li>Ouverture de la gorge (hauteur x largeur): 8&Prime; x 12&Prime;<\/li><li>Roue d&rsquo;alimentation (largeur x diam\u00e8tre): 11,5&Prime; x 9&Prime;<\/li><li>Disque (\u00e9paisseur x diam\u00e8tre): 1,25&Prime; x 28&Prime;<\/li><li>Moteur: Moteur \u00e0 essence Vanguard EFI<\/li><li>Puissance: 37 CV<\/li><li>Capacit\u00e9 de carburant: 10 gallons<\/li><li>Capacit\u00e9 hydraulique: 10 gallons<\/li><li>Cadre: 2&Prime; x 4&Prime; tubulaire<\/li><li>Pneus: (2) 185\/75R14 &#8211; 8 plis<\/li><li>Attelage: Boule de 2&Prime;<\/li><\/ul><p>Pour plus d&rsquo;informations, appelez le<a href=\"tel:18665760720\"> 866-576-0720<\/a> ou envoyez-nous un e-mail \u00e0 <a href=\"mailto:sales@empireattachments\">sales@empireattachments<\/a>.<\/p>\t\t\t\t\t\t\t\t<\/div>\n\t\t\t\t<\/div>\n\t\t\t\t\t<\/div>\n\t\t<\/div>\n\t\t\t\t\t<\/div>\n\t\t<\/section>\n\t\t\t\t<\/div>\n\t\t","protected":false},"excerpt":{"rendered":"<p>D\u00c9CHIQUETEUSE \u00c0 BROSSES EEGER BEEVER\u2122 812 Description:\u00a0\u00a0 Le broyeur \u00e0 brosse Eeger Beever 812 est le seul broyeur de sa cat\u00e9gorie \u00e0 disposer \u00e0 la fois d&rsquo;une large goulotte d&rsquo;alimentation et d&rsquo;un disque de broyage de grand diam\u00e8tre. La combinaison offre aux op\u00e9rateurs une facilit\u00e9 d&rsquo;alimentation du mat\u00e9riau avec moins de travail de coupe et [&hellip;]<\/p>\n","protected":false},"author":1,"featured_media":0,"parent":2487,"menu_order":0,"comment_status":"closed","ping_status":"closed","template":"","meta":{"inline_featured_image":false,"site-sidebar-layout":"no-sidebar","site-content-layout":"page-builder","ast-site-content-layout":"","site-content-style":"default","site-sidebar-style":"default","ast-global-header-display":"","ast-banner-title-visibility":"","ast-main-header-display":"","ast-hfb-above-header-display":"","ast-hfb-below-header-display":"","ast-hfb-mobile-header-display":"","site-post-title":"disabled","ast-breadcrumbs-content":"","ast-featured-img":"disabled","footer-sml-layout":"","theme-transparent-header-meta":"","adv-header-id-meta":"","stick-header-meta":"","header-above-stick-meta":"","header-main-stick-meta":"","header-below-stick-meta":"","astra-migrate-meta-layouts":"default","ast-page-background-enabled":"default","ast-page-background-meta":{"desktop":{"background-color":"","background-image":"","background-repeat":"repeat","background-position":"center center","background-size":"auto","background-attachment":"scroll","background-type":"","background-media":"","overlay-type":"","overlay-color":"","overlay-opacity":"","overlay-gradient":""},"tablet":{"background-color":"","background-image":"","background-repeat":"repeat","background-position":"center center","background-size":"auto","background-attachment":"scroll","background-type":"","background-media":"","overlay-type":"","overlay-color":"","overlay-opacity":"","overlay-gradient":""},"mobile":{"background-color":"","background-image":"","background-repeat":"repeat","background-position":"center center","background-size":"auto","background-attachment":"scroll","background-type":"","background-media":"","overlay-type":"","overlay-color":"","overlay-opacity":"","overlay-gradient":""}},"ast-content-background-meta":{"desktop":{"background-color":"var(--ast-global-color-5)","background-image":"","background-repeat":"repeat","background-position":"center center","background-size":"auto","background-attachment":"scroll","background-type":"","background-media":"","overlay-type":"","overlay-color":"","overlay-opacity":"","overlay-gradient":""},"tablet":{"background-color":"var(--ast-global-color-5)","background-image":"","background-repeat":"repeat","background-position":"center center","background-size":"auto","background-attachment":"scroll","background-type":"","background-media":"","overlay-type":"","overlay-color":"","overlay-opacity":"","overlay-gradient":""},"mobile":{"background-color":"var(--ast-global-color-5)","background-image":"","background-repeat":"repeat","background-position":"center center","background-size":"auto","background-attachment":"scroll","background-type":"","background-media":"","overlay-type":"","overlay-color":"","overlay-opacity":"","overlay-gradient":""}},"footnotes":""},"class_list":["post-2671","page","type-page","status-publish","hentry"],"_links":{"self":[{"href":"https:\/\/empireattachments.com\/fr\/wp-json\/wp\/v2\/pages\/2671","targetHints":{"allow":["GET"]}}],"collection":[{"href":"https:\/\/empireattachments.com\/fr\/wp-json\/wp\/v2\/pages"}],"about":[{"href":"https:\/\/empireattachments.com\/fr\/wp-json\/wp\/v2\/types\/page"}],"author":[{"embeddable":true,"href":"https:\/\/empireattachments.com\/fr\/wp-json\/wp\/v2\/users\/1"}],"replies":[{"embeddable":true,"href":"https:\/\/empireattachments.com\/fr\/wp-json\/wp\/v2\/comments?post=2671"}],"version-history":[{"count":4,"href":"https:\/\/empireattachments.com\/fr\/wp-json\/wp\/v2\/pages\/2671\/revisions"}],"predecessor-version":[{"id":2678,"href":"https:\/\/empireattachments.com\/fr\/wp-json\/wp\/v2\/pages\/2671\/revisions\/2678"}],"up":[{"embeddable":true,"href":"https:\/\/empireattachments.com\/fr\/wp-json\/wp\/v2\/pages\/2487"}],"wp:attachment":[{"href":"https:\/\/empireattachments.com\/fr\/wp-json\/wp\/v2\/media?parent=2671"}],"curies":[{"name":"wp","href":"https:\/\/api.w.org\/{rel}","templated":true}]}}