{"id":2722,"date":"2022-12-08T11:33:47","date_gmt":"2022-12-08T11:33:47","guid":{"rendered":"https:\/\/empireattachments.com\/equipement-occasion-a-vendre\/shearex-vm50sr-doccasion\/"},"modified":"2022-12-08T11:33:47","modified_gmt":"2022-12-08T11:33:47","slug":"shearex-vm50sr-doccasion","status":"publish","type":"page","link":"https:\/\/empireattachments.com\/fr\/equipement-occasion-a-vendre\/shearex-vm50sr-doccasion\/","title":{"rendered":"Shearex VM50SR D&rsquo;OCCASION"},"content":{"rendered":"\t\t<div data-elementor-type=\"wp-page\" data-elementor-id=\"2722\" class=\"elementor elementor-2722 elementor-2703\" data-elementor-post-type=\"page\">\n\t\t\t\t\t\t<section class=\"elementor-section elementor-top-section elementor-element elementor-element-ef81394 elementor-section-boxed elementor-section-height-default elementor-section-height-default\" data-id=\"ef81394\" data-element_type=\"section\" data-e-type=\"section\">\n\t\t\t\t\t\t<div class=\"elementor-container elementor-column-gap-default\">\n\t\t\t\t\t<div class=\"elementor-column elementor-col-100 elementor-top-column elementor-element elementor-element-26c5837\" data-id=\"26c5837\" data-element_type=\"column\" data-e-type=\"column\">\n\t\t\t<div class=\"elementor-widget-wrap elementor-element-populated\">\n\t\t\t\t\t\t<div class=\"elementor-element elementor-element-8de3c88 elementor-widget elementor-widget-heading\" data-id=\"8de3c88\" data-element_type=\"widget\" data-e-type=\"widget\" data-widget_type=\"heading.default\">\n\t\t\t\t<div class=\"elementor-widget-container\">\n\t\t\t\t\t<h2 class=\"elementor-heading-title elementor-size-default\">Shearex VM50SR D'OCCASION<\/h2>\t\t\t\t<\/div>\n\t\t\t\t<\/div>\n\t\t\t\t\t<\/div>\n\t\t<\/div>\n\t\t\t\t\t<\/div>\n\t\t<\/section>\n\t\t\t\t<section class=\"elementor-section elementor-top-section elementor-element elementor-element-e10741e elementor-reverse-mobile elementor-section-boxed elementor-section-height-default elementor-section-height-default\" data-id=\"e10741e\" data-element_type=\"section\" data-e-type=\"section\">\n\t\t\t\t\t\t<div class=\"elementor-container elementor-column-gap-default\">\n\t\t\t\t\t<div class=\"elementor-column elementor-col-50 elementor-top-column elementor-element elementor-element-b880378\" data-id=\"b880378\" data-element_type=\"column\" data-e-type=\"column\">\n\t\t\t<div class=\"elementor-widget-wrap elementor-element-populated\">\n\t\t\t\t\t\t<div class=\"elementor-element elementor-element-3b1574c elementor-skin-slideshow elementor-arrows-yes elementor-widget elementor-widget-media-carousel\" data-id=\"3b1574c\" data-element_type=\"widget\" data-e-type=\"widget\" data-settings=\"{&quot;skin&quot;:&quot;slideshow&quot;,&quot;centered_slides&quot;:&quot;yes&quot;,&quot;effect&quot;:&quot;slide&quot;,&quot;show_arrows&quot;:&quot;yes&quot;,&quot;speed&quot;:500,&quot;autoplay&quot;:&quot;yes&quot;,&quot;autoplay_speed&quot;:5000,&quot;loop&quot;:&quot;yes&quot;,&quot;pause_on_hover&quot;:&quot;yes&quot;,&quot;pause_on_interaction&quot;:&quot;yes&quot;,&quot;space_between&quot;:{&quot;unit&quot;:&quot;px&quot;,&quot;size&quot;:10,&quot;sizes&quot;:[]},&quot;space_between_tablet&quot;:{&quot;unit&quot;:&quot;px&quot;,&quot;size&quot;:10,&quot;sizes&quot;:[]},&quot;space_between_mobile&quot;:{&quot;unit&quot;:&quot;px&quot;,&quot;size&quot;:10,&quot;sizes&quot;:[]}}\" data-widget_type=\"media-carousel.default\">\n\t\t\t\t<div class=\"elementor-widget-container\">\n\t\t\t\t\t\t\t<div class=\"elementor-swiper\">\n\t\t\t<div class=\"elementor-main-swiper swiper-container\">\n\t\t\t\t<div class=\"swiper-wrapper\">\n\t\t\t\t\t\t\t\t\t\t\t<div class=\"swiper-slide\">\n\t\t\t\t\t\t\t<a href=\"https:\/\/empireattachments.com\/wp-content\/uploads\/2022\/12\/Empire-attachement-preowned-shearex-4.jpg\" data-elementor-open-lightbox=\"yes\" data-elementor-lightbox-slideshow=\"3b1574c\" data-elementor-lightbox-title=\"Empire-attachement-preowned-shearex (4)\" data-e-action-hash=\"#elementor-action%3Aaction%3Dlightbox%26settings%3DeyJpZCI6MjY5OSwidXJsIjoiaHR0cHM6XC9cL2VtcGlyZWF0dGFjaG1lbnRzLmNvbVwvd3AtY29udGVudFwvdXBsb2Fkc1wvMjAyMlwvMTJcL0VtcGlyZS1hdHRhY2hlbWVudC1wcmVvd25lZC1zaGVhcmV4LTQuanBnIiwic2xpZGVzaG93IjoiM2IxNTc0YyJ9\">\t\t<div class=\"elementor-carousel-image\" role=\"img\" aria-label=\"Empire-attachement-preowned-shearex (4)\" style=\"background-image: url(&#039;https:\/\/empireattachments.com\/wp-content\/uploads\/2022\/12\/Empire-attachement-preowned-shearex-4.jpg&#039;)\">\n\n\t\t\t\n\t\t\t\t\t<\/div>\n\t\t<\/a>\t\t\t\t\t\t<\/div>\n\t\t\t\t\t\t\t\t\t\t\t<div class=\"swiper-slide\">\n\t\t\t\t\t\t\t<a href=\"https:\/\/empireattachments.com\/wp-content\/uploads\/2022\/12\/Empire-attachement-preowned-shearex-3.jpg\" data-elementor-open-lightbox=\"yes\" data-elementor-lightbox-slideshow=\"3b1574c\" data-elementor-lightbox-title=\"Empire-attachement-preowned-shearex (3)\" data-e-action-hash=\"#elementor-action%3Aaction%3Dlightbox%26settings%3DeyJpZCI6MjY5NywidXJsIjoiaHR0cHM6XC9cL2VtcGlyZWF0dGFjaG1lbnRzLmNvbVwvd3AtY29udGVudFwvdXBsb2Fkc1wvMjAyMlwvMTJcL0VtcGlyZS1hdHRhY2hlbWVudC1wcmVvd25lZC1zaGVhcmV4LTMuanBnIiwic2xpZGVzaG93IjoiM2IxNTc0YyJ9\">\t\t<div class=\"elementor-carousel-image\" role=\"img\" aria-label=\"Empire-attachement-preowned-shearex (3)\" style=\"background-image: url(&#039;https:\/\/empireattachments.com\/wp-content\/uploads\/2022\/12\/Empire-attachement-preowned-shearex-3.jpg&#039;)\">\n\n\t\t\t\n\t\t\t\t\t<\/div>\n\t\t<\/a>\t\t\t\t\t\t<\/div>\n\t\t\t\t\t\t\t\t\t\t\t<div class=\"swiper-slide\">\n\t\t\t\t\t\t\t<a href=\"https:\/\/empireattachments.com\/wp-content\/uploads\/2022\/12\/Empire-attachement-preowned-shearex-2.jpg\" data-elementor-open-lightbox=\"yes\" data-elementor-lightbox-slideshow=\"3b1574c\" data-elementor-lightbox-title=\"Empire-attachement-preowned-shearex (2)\" data-e-action-hash=\"#elementor-action%3Aaction%3Dlightbox%26settings%3DeyJpZCI6MjY5NSwidXJsIjoiaHR0cHM6XC9cL2VtcGlyZWF0dGFjaG1lbnRzLmNvbVwvd3AtY29udGVudFwvdXBsb2Fkc1wvMjAyMlwvMTJcL0VtcGlyZS1hdHRhY2hlbWVudC1wcmVvd25lZC1zaGVhcmV4LTIuanBnIiwic2xpZGVzaG93IjoiM2IxNTc0YyJ9\">\t\t<div class=\"elementor-carousel-image\" role=\"img\" aria-label=\"Empire-attachement-preowned-shearex (2)\" style=\"background-image: url(&#039;https:\/\/empireattachments.com\/wp-content\/uploads\/2022\/12\/Empire-attachement-preowned-shearex-2.jpg&#039;)\">\n\n\t\t\t\n\t\t\t\t\t<\/div>\n\t\t<\/a>\t\t\t\t\t\t<\/div>\n\t\t\t\t\t\t\t\t\t\t\t<div class=\"swiper-slide\">\n\t\t\t\t\t\t\t<a href=\"https:\/\/empireattachments.com\/wp-content\/uploads\/2022\/12\/Empire-attachement-preowned-shearex-1.jpg\" data-elementor-open-lightbox=\"yes\" data-elementor-lightbox-slideshow=\"3b1574c\" data-elementor-lightbox-title=\"Empire-attachement-preowned-shearex (1)\" data-e-action-hash=\"#elementor-action%3Aaction%3Dlightbox%26settings%3DeyJpZCI6MjY5MywidXJsIjoiaHR0cHM6XC9cL2VtcGlyZWF0dGFjaG1lbnRzLmNvbVwvd3AtY29udGVudFwvdXBsb2Fkc1wvMjAyMlwvMTJcL0VtcGlyZS1hdHRhY2hlbWVudC1wcmVvd25lZC1zaGVhcmV4LTEuanBnIiwic2xpZGVzaG93IjoiM2IxNTc0YyJ9\">\t\t<div class=\"elementor-carousel-image\" role=\"img\" aria-label=\"Empire-attachement-preowned-shearex (1)\" style=\"background-image: url(&#039;https:\/\/empireattachments.com\/wp-content\/uploads\/2022\/12\/Empire-attachement-preowned-shearex-1.jpg&#039;)\">\n\n\t\t\t\n\t\t\t\t\t<\/div>\n\t\t<\/a>\t\t\t\t\t\t<\/div>\n\t\t\t\t\t\t\t\t\t<\/div>\n\t\t\t\t\t\t\t\t\t\t\t\t\t\t\t\t\t\t\t\t<div class=\"elementor-swiper-button elementor-swiper-button-prev\" role=\"button\" tabindex=\"0\">\n\t\t\t\t\t\t\t<i aria-hidden=\"true\" class=\"eicon-chevron-left\"><\/i>\t\t\t\t\t\t\t<span class=\"elementor-screen-only\">Pr\u00e9c\u00e9dent<\/span>\n\t\t\t\t\t\t<\/div>\n\t\t\t\t\t\t<div class=\"elementor-swiper-button elementor-swiper-button-next\" role=\"button\" tabindex=\"0\">\n\t\t\t\t\t\t\t<i aria-hidden=\"true\" class=\"eicon-chevron-right\"><\/i>\t\t\t\t\t\t\t<span class=\"elementor-screen-only\">Suivant<\/span>\n\t\t\t\t\t\t<\/div>\n\t\t\t\t\t\t\t\t\t\t\t\t<\/div>\n\t\t<\/div>\n\t\t\t\t<div class=\"elementor-swiper\">\n\t\t\t<div class=\"elementor-thumbnails-swiper swiper-container\">\n\t\t\t\t<div class=\"swiper-wrapper\">\n\t\t\t\t\t\t\t\t\t\t\t<div class=\"swiper-slide\">\n\t\t\t\t\t\t\t\t\t<div class=\"elementor-carousel-image\" role=\"img\" aria-label=\"Empire-attachement-preowned-shearex (4)\" style=\"background-image: url(&#039;https:\/\/empireattachments.com\/wp-content\/uploads\/2022\/12\/Empire-attachement-preowned-shearex-4.jpg&#039;)\">\n\n\t\t\t\n\t\t\t\t\t<\/div>\n\t\t<\/a>\t\t\t\t\t\t<\/div>\n\t\t\t\t\t\t\t\t\t\t\t<div class=\"swiper-slide\">\n\t\t\t\t\t\t\t\t\t<div class=\"elementor-carousel-image\" role=\"img\" aria-label=\"Empire-attachement-preowned-shearex (3)\" style=\"background-image: url(&#039;https:\/\/empireattachments.com\/wp-content\/uploads\/2022\/12\/Empire-attachement-preowned-shearex-3.jpg&#039;)\">\n\n\t\t\t\n\t\t\t\t\t<\/div>\n\t\t<\/a>\t\t\t\t\t\t<\/div>\n\t\t\t\t\t\t\t\t\t\t\t<div class=\"swiper-slide\">\n\t\t\t\t\t\t\t\t\t<div class=\"elementor-carousel-image\" role=\"img\" aria-label=\"Empire-attachement-preowned-shearex (2)\" style=\"background-image: url(&#039;https:\/\/empireattachments.com\/wp-content\/uploads\/2022\/12\/Empire-attachement-preowned-shearex-2.jpg&#039;)\">\n\n\t\t\t\n\t\t\t\t\t<\/div>\n\t\t<\/a>\t\t\t\t\t\t<\/div>\n\t\t\t\t\t\t\t\t\t\t\t<div class=\"swiper-slide\">\n\t\t\t\t\t\t\t\t\t<div class=\"elementor-carousel-image\" role=\"img\" aria-label=\"Empire-attachement-preowned-shearex (1)\" style=\"background-image: url(&#039;https:\/\/empireattachments.com\/wp-content\/uploads\/2022\/12\/Empire-attachement-preowned-shearex-1.jpg&#039;)\">\n\n\t\t\t\n\t\t\t\t\t<\/div>\n\t\t<\/a>\t\t\t\t\t\t<\/div>\n\t\t\t\t\t\t\t\t\t<\/div>\n\t\t\t\t\t\t\t\t\t\t\t\t\t\t\t\t\t\t\t\t\t<\/div>\n\t\t<\/div>\n\t\t\t\t\t\t<\/div>\n\t\t\t\t<\/div>\n\t\t\t\t\t<\/div>\n\t\t<\/div>\n\t\t\t\t<div class=\"elementor-column elementor-col-50 elementor-top-column elementor-element elementor-element-b9a7f47\" data-id=\"b9a7f47\" data-element_type=\"column\" data-e-type=\"column\">\n\t\t\t<div class=\"elementor-widget-wrap elementor-element-populated\">\n\t\t\t\t\t\t<div class=\"elementor-element elementor-element-b684966 elementor-widget elementor-widget-text-editor\" data-id=\"b684966\" data-element_type=\"widget\" data-e-type=\"widget\" data-widget_type=\"text-editor.default\">\n\t\t\t\t<div class=\"elementor-widget-container\">\n\t\t\t\t\t\t\t\t\t<p>Unit\u00e9 de d\u00e9monstration disponible !!<\/p>\n<p><strong>Marque:<\/strong> Shearex<br \/>\n<strong>Mod\u00e8le:<\/strong> VM50SR<\/p>\n<p><strong>Description:<\/strong><br \/>\nLe VM50SR s&rsquo;adapte sur une pelle de 15 \u00e0 20 tonnes<br \/>\nLargeur de coupe 48 pouces<br \/>\nPoids 2 100 livres<\/p>\n<p>V\u00e9rifi\u00e9 et pr\u00eat \u00e0 travailler!<\/p>\n\t\t\t\t\t\t\t\t<\/div>\n\t\t\t\t<\/div>\n\t\t\t\t<div class=\"elementor-element elementor-element-929b4bb elementor-align-justify elementor-widget elementor-widget-button\" data-id=\"929b4bb\" data-element_type=\"widget\" data-e-type=\"widget\" data-widget_type=\"button.default\">\n\t\t\t\t<div class=\"elementor-widget-container\">\n\t\t\t\t\t\t\t\t\t<div class=\"elementor-button-wrapper\">\n\t\t\t\t\t<a class=\"elementor-button elementor-button-link elementor-size-sm\" href=\"https:\/\/empireattachments.com\/fr\/contactez-nous\/\">\n\t\t\t\t\t\t<span class=\"elementor-button-content-wrapper\">\n\t\t\t\t\t\t\t\t\t<span class=\"elementor-button-text\">Contacter aujourd'hui ! Nous exp\u00e9dions partout<\/span>\n\t\t\t\t\t<\/span>\n\t\t\t\t\t<\/a>\n\t\t\t\t<\/div>\n\t\t\t\t\t\t\t\t<\/div>\n\t\t\t\t<\/div>\n\t\t\t\t\t<\/div>\n\t\t<\/div>\n\t\t\t\t\t<\/div>\n\t\t<\/section>\n\t\t\t\t<\/div>\n\t\t","protected":false},"excerpt":{"rendered":"<p>Shearex VM50SR D&rsquo;OCCASION Previous Next Unit\u00e9 de d\u00e9monstration disponible !! Marque: Shearex Mod\u00e8le: VM50SR Description: Le VM50SR s&rsquo;adapte sur une pelle de 15 \u00e0 20 tonnes Largeur de coupe 48 pouces Poids 2 100 livres V\u00e9rifi\u00e9 et pr\u00eat \u00e0 travailler! Contacter aujourd&rsquo;hui ! Nous exp\u00e9dions partout<\/p>\n","protected":false},"author":1,"featured_media":0,"parent":2354,"menu_order":0,"comment_status":"closed","ping_status":"closed","template":"","meta":{"inline_featured_image":false,"site-sidebar-layout":"no-sidebar","site-content-layout":"page-builder","ast-site-content-layout":"","site-content-style":"default","site-sidebar-style":"default","ast-global-header-display":"","ast-banner-title-visibility":"","ast-main-header-display":"","ast-hfb-above-header-display":"","ast-hfb-below-header-display":"","ast-hfb-mobile-header-display":"","site-post-title":"disabled","ast-breadcrumbs-content":"","ast-featured-img":"disabled","footer-sml-layout":"","theme-transparent-header-meta":"","adv-header-id-meta":"","stick-header-meta":"","header-above-stick-meta":"","header-main-stick-meta":"","header-below-stick-meta":"","astra-migrate-meta-layouts":"default","ast-page-background-enabled":"default","ast-page-background-meta":{"desktop":{"background-color":"","background-image":"","background-repeat":"repeat","background-position":"center center","background-size":"auto","background-attachment":"scroll","background-type":"","background-media":"","overlay-type":"","overlay-color":"","overlay-opacity":"","overlay-gradient":""},"tablet":{"background-color":"","background-image":"","background-repeat":"repeat","background-position":"center center","background-size":"auto","background-attachment":"scroll","background-type":"","background-media":"","overlay-type":"","overlay-color":"","overlay-opacity":"","overlay-gradient":""},"mobile":{"background-color":"","background-image":"","background-repeat":"repeat","background-position":"center center","background-size":"auto","background-attachment":"scroll","background-type":"","background-media":"","overlay-type":"","overlay-color":"","overlay-opacity":"","overlay-gradient":""}},"ast-content-background-meta":{"desktop":{"background-color":"var(--ast-global-color-5)","background-image":"","background-repeat":"repeat","background-position":"center center","background-size":"auto","background-attachment":"scroll","background-type":"","background-media":"","overlay-type":"","overlay-color":"","overlay-opacity":"","overlay-gradient":""},"tablet":{"background-color":"var(--ast-global-color-5)","background-image":"","background-repeat":"repeat","background-position":"center center","background-size":"auto","background-attachment":"scroll","background-type":"","background-media":"","overlay-type":"","overlay-color":"","overlay-opacity":"","overlay-gradient":""},"mobile":{"background-color":"var(--ast-global-color-5)","background-image":"","background-repeat":"repeat","background-position":"center center","background-size":"auto","background-attachment":"scroll","background-type":"","background-media":"","overlay-type":"","overlay-color":"","overlay-opacity":"","overlay-gradient":""}},"footnotes":""},"class_list":["post-2722","page","type-page","status-publish","hentry"],"_links":{"self":[{"href":"https:\/\/empireattachments.com\/fr\/wp-json\/wp\/v2\/pages\/2722","targetHints":{"allow":["GET"]}}],"collection":[{"href":"https:\/\/empireattachments.com\/fr\/wp-json\/wp\/v2\/pages"}],"about":[{"href":"https:\/\/empireattachments.com\/fr\/wp-json\/wp\/v2\/types\/page"}],"author":[{"embeddable":true,"href":"https:\/\/empireattachments.com\/fr\/wp-json\/wp\/v2\/users\/1"}],"replies":[{"embeddable":true,"href":"https:\/\/empireattachments.com\/fr\/wp-json\/wp\/v2\/comments?post=2722"}],"version-history":[{"count":1,"href":"https:\/\/empireattachments.com\/fr\/wp-json\/wp\/v2\/pages\/2722\/revisions"}],"predecessor-version":[{"id":2723,"href":"https:\/\/empireattachments.com\/fr\/wp-json\/wp\/v2\/pages\/2722\/revisions\/2723"}],"up":[{"embeddable":true,"href":"https:\/\/empireattachments.com\/fr\/wp-json\/wp\/v2\/pages\/2354"}],"wp:attachment":[{"href":"https:\/\/empireattachments.com\/fr\/wp-json\/wp\/v2\/media?parent=2722"}],"curies":[{"name":"wp","href":"https:\/\/api.w.org\/{rel}","templated":true}]}}