{"id":3832,"date":"2024-09-26T09:24:18","date_gmt":"2024-09-26T13:24:18","guid":{"rendered":"https:\/\/empireattachments.com\/nos-produits-2\/energreen\/energreen-robomidi-attachments\/"},"modified":"2024-09-27T07:03:51","modified_gmt":"2024-09-27T11:03:51","slug":"accessoires-energreen-robomidi","status":"publish","type":"page","link":"https:\/\/empireattachments.com\/fr\/nos-produits-2\/energreen\/accessoires-energreen-robomidi\/","title":{"rendered":"Accessoires Energreen RoboMIDI"},"content":{"rendered":"\t\t<div data-elementor-type=\"wp-page\" data-elementor-id=\"3832\" class=\"elementor elementor-3832 elementor-3684\" data-elementor-post-type=\"page\">\n\t\t\t\t\t\t<section class=\"elementor-section elementor-top-section elementor-element elementor-element-df24655 elementor-section-boxed elementor-section-height-default elementor-section-height-default\" data-id=\"df24655\" data-element_type=\"section\" data-e-type=\"section\">\n\t\t\t\t\t\t<div class=\"elementor-container elementor-column-gap-no\">\n\t\t\t\t\t<div class=\"elementor-column elementor-col-100 elementor-top-column elementor-element elementor-element-93beca8\" data-id=\"93beca8\" data-element_type=\"column\" data-e-type=\"column\">\n\t\t\t<div class=\"elementor-widget-wrap elementor-element-populated\">\n\t\t\t\t\t\t<div class=\"elementor-element elementor-element-13aed4b elementor-widget elementor-widget-heading\" data-id=\"13aed4b\" data-element_type=\"widget\" data-e-type=\"widget\" data-widget_type=\"heading.default\">\n\t\t\t\t<div class=\"elementor-widget-container\">\n\t\t\t\t\t<h2 class=\"elementor-heading-title elementor-size-large\">Energreen RoboMIDI<\/h2>\t\t\t\t<\/div>\n\t\t\t\t<\/div>\n\t\t\t\t<div class=\"elementor-element elementor-element-40fc038 elementor-widget elementor-widget-heading\" data-id=\"40fc038\" data-element_type=\"widget\" data-e-type=\"widget\" data-widget_type=\"heading.default\">\n\t\t\t\t<div class=\"elementor-widget-container\">\n\t\t\t\t\t<h3 class=\"elementor-heading-title elementor-size-large\">L'accessoire adapt\u00e9 \u00e0 chaque travail<\/h3>\t\t\t\t<\/div>\n\t\t\t\t<\/div>\n\t\t\t\t<div class=\"elementor-element elementor-element-abc65ff elementor-widget__width-initial elementor-widget-mobile__width-initial elementor-widget elementor-widget-text-editor\" data-id=\"abc65ff\" data-element_type=\"widget\" data-e-type=\"widget\" data-widget_type=\"text-editor.default\">\n\t\t\t\t<div class=\"elementor-widget-container\">\n\t\t\t\t\t\t\t\t\t<p>Gr\u00e2ce \u00e0 sa performance avec un <strong>moteur diesel de 60 CV<\/strong> et \u00e0 son syst\u00e8me hydraulique efficace, ce porte-outils polyvalent peut fonctionner avec une grande vari\u00e9t\u00e9 d&rsquo;accessoires et d&rsquo;outils professionnels, couvrant ainsi de multiples domaines. Le <strong>RoboMIDI<\/strong> peut \u00eatre \u00e9quip\u00e9 d&rsquo;une s\u00e9rie d&rsquo;\u00e9quipements et d&rsquo;accessoires permettant d&rsquo;exploiter pleinement le potentiel de cette machine.<\/p>\t\t\t\t\t\t\t\t<\/div>\n\t\t\t\t<\/div>\n\t\t\t\t\t<\/div>\n\t\t<\/div>\n\t\t\t\t\t<\/div>\n\t\t<\/section>\n\t\t\t\t<section class=\"elementor-section elementor-top-section elementor-element elementor-element-9839d68 elementor-section-boxed elementor-section-height-default elementor-section-height-default\" data-id=\"9839d68\" data-element_type=\"section\" data-e-type=\"section\">\n\t\t\t\t\t\t<div class=\"elementor-container elementor-column-gap-default\">\n\t\t\t\t\t<div class=\"elementor-column elementor-col-100 elementor-top-column elementor-element elementor-element-7ef7572\" data-id=\"7ef7572\" data-element_type=\"column\" data-e-type=\"column\">\n\t\t\t<div class=\"elementor-widget-wrap elementor-element-populated\">\n\t\t\t\t\t\t<section class=\"elementor-section elementor-inner-section elementor-element elementor-element-2751bd8 elementor-section-boxed elementor-section-height-default elementor-section-height-default\" data-id=\"2751bd8\" data-element_type=\"section\" data-e-type=\"section\" data-settings=\"{&quot;background_background&quot;:&quot;classic&quot;}\">\n\t\t\t\t\t\t<div class=\"elementor-container elementor-column-gap-no\">\n\t\t\t\t\t<div class=\"elementor-column elementor-col-50 elementor-inner-column elementor-element elementor-element-c2b3f93\" data-id=\"c2b3f93\" data-element_type=\"column\" data-e-type=\"column\" data-settings=\"{&quot;background_background&quot;:&quot;classic&quot;}\">\n\t\t\t<div class=\"elementor-widget-wrap elementor-element-populated\">\n\t\t\t\t\t\t<div class=\"elementor-element elementor-element-d319e46 elementor-widget elementor-widget-image\" data-id=\"d319e46\" data-element_type=\"widget\" data-e-type=\"widget\" data-widget_type=\"image.default\">\n\t\t\t\t<div class=\"elementor-widget-container\">\n\t\t\t\t\t\t\t\t\t\t\t\t\t\t\t<img fetchpriority=\"high\" decoding=\"async\" width=\"700\" height=\"475\" src=\"https:\/\/empireattachments.com\/wp-content\/uploads\/2024\/09\/energreen-robomidi-cutting-head-155-attachment.jpg\" class=\"attachment-full size-full wp-image-3696\" alt=\"\" srcset=\"https:\/\/empireattachments.com\/wp-content\/uploads\/2024\/09\/energreen-robomidi-cutting-head-155-attachment.jpg 700w, https:\/\/empireattachments.com\/wp-content\/uploads\/2024\/09\/energreen-robomidi-cutting-head-155-attachment-300x204.jpg 300w\" sizes=\"(max-width: 700px) 100vw, 700px\" \/>\t\t\t\t\t\t\t\t\t\t\t\t\t\t\t<\/div>\n\t\t\t\t<\/div>\n\t\t\t\t<div class=\"elementor-element elementor-element-67982ae elementor-widget elementor-widget-heading\" data-id=\"67982ae\" data-element_type=\"widget\" data-e-type=\"widget\" data-widget_type=\"heading.default\">\n\t\t\t\t<div class=\"elementor-widget-container\">\n\t\t\t\t\t<h3 class=\"elementor-heading-title elementor-size-large\">T\u00eate 155<\/h3>\t\t\t\t<\/div>\n\t\t\t\t<\/div>\n\t\t\t\t<div class=\"elementor-element elementor-element-c67f4ae elementor-widget elementor-widget-text-editor\" data-id=\"c67f4ae\" data-element_type=\"widget\" data-e-type=\"widget\" data-widget_type=\"text-editor.default\">\n\t\t\t\t<div class=\"elementor-widget-container\">\n\t\t\t\t\t\t\t\t\tT\u00eate de coupe\t\t\t\t\t\t\t\t<\/div>\n\t\t\t\t<\/div>\n\t\t\t\t<div class=\"elementor-element elementor-element-ac22ca1 elementor-widget-divider--view-line elementor-widget elementor-widget-divider\" data-id=\"ac22ca1\" data-element_type=\"widget\" data-e-type=\"widget\" data-widget_type=\"divider.default\">\n\t\t\t\t<div class=\"elementor-widget-container\">\n\t\t\t\t\t\t\t<div class=\"elementor-divider\">\n\t\t\t<span class=\"elementor-divider-separator\">\n\t\t\t\t\t\t<\/span>\n\t\t<\/div>\n\t\t\t\t\t\t<\/div>\n\t\t\t\t<\/div>\n\t\t\t\t\t<\/div>\n\t\t<\/div>\n\t\t\t\t<div class=\"elementor-column elementor-col-50 elementor-inner-column elementor-element elementor-element-341c36b\" data-id=\"341c36b\" data-element_type=\"column\" data-e-type=\"column\" data-settings=\"{&quot;background_background&quot;:&quot;classic&quot;}\">\n\t\t\t<div class=\"elementor-widget-wrap elementor-element-populated\">\n\t\t\t\t\t\t<div class=\"elementor-element elementor-element-c830a2a elementor-widget elementor-widget-image\" data-id=\"c830a2a\" data-element_type=\"widget\" data-e-type=\"widget\" data-widget_type=\"image.default\">\n\t\t\t\t<div class=\"elementor-widget-container\">\n\t\t\t\t\t\t\t\t\t\t\t\t\t\t\t<img decoding=\"async\" width=\"665\" height=\"452\" src=\"https:\/\/empireattachments.com\/wp-content\/uploads\/2024\/09\/energreen-robomidi-forestry-head-150t-attachment.jpg\" class=\"attachment-full size-full wp-image-3701\" alt=\"\" srcset=\"https:\/\/empireattachments.com\/wp-content\/uploads\/2024\/09\/energreen-robomidi-forestry-head-150t-attachment.jpg 665w, https:\/\/empireattachments.com\/wp-content\/uploads\/2024\/09\/energreen-robomidi-forestry-head-150t-attachment-300x204.jpg 300w\" sizes=\"(max-width: 665px) 100vw, 665px\" \/>\t\t\t\t\t\t\t\t\t\t\t\t\t\t\t<\/div>\n\t\t\t\t<\/div>\n\t\t\t\t<div class=\"elementor-element elementor-element-7faaa10 elementor-widget elementor-widget-heading\" data-id=\"7faaa10\" data-element_type=\"widget\" data-e-type=\"widget\" data-widget_type=\"heading.default\">\n\t\t\t\t<div class=\"elementor-widget-container\">\n\t\t\t\t\t<h3 class=\"elementor-heading-title elementor-size-large\">T\u00eate foresti\u00e8re 150t<\/h3>\t\t\t\t<\/div>\n\t\t\t\t<\/div>\n\t\t\t\t<div class=\"elementor-element elementor-element-b295080 elementor-widget elementor-widget-text-editor\" data-id=\"b295080\" data-element_type=\"widget\" data-e-type=\"widget\" data-widget_type=\"text-editor.default\">\n\t\t\t\t<div class=\"elementor-widget-container\">\n\t\t\t\t\t\t\t\t\tT\u00eate foresti\u00e8re avec dents fixes\t\t\t\t\t\t\t\t<\/div>\n\t\t\t\t<\/div>\n\t\t\t\t<div class=\"elementor-element elementor-element-f8b21a6 elementor-widget-divider--view-line elementor-widget elementor-widget-divider\" data-id=\"f8b21a6\" data-element_type=\"widget\" data-e-type=\"widget\" data-widget_type=\"divider.default\">\n\t\t\t\t<div class=\"elementor-widget-container\">\n\t\t\t\t\t\t\t<div class=\"elementor-divider\">\n\t\t\t<span class=\"elementor-divider-separator\">\n\t\t\t\t\t\t<\/span>\n\t\t<\/div>\n\t\t\t\t\t\t<\/div>\n\t\t\t\t<\/div>\n\t\t\t\t\t<\/div>\n\t\t<\/div>\n\t\t\t\t\t<\/div>\n\t\t<\/section>\n\t\t\t\t\t<\/div>\n\t\t<\/div>\n\t\t\t\t\t<\/div>\n\t\t<\/section>\n\t\t\t\t<section class=\"elementor-section elementor-top-section elementor-element elementor-element-eba0508 elementor-section-full_width elementor-section-height-min-height elementor-section-stretched elementor-section-height-default elementor-section-items-middle\" data-id=\"eba0508\" data-element_type=\"section\" data-e-type=\"section\" data-settings=\"{&quot;stretch_section&quot;:&quot;section-stretched&quot;,&quot;background_background&quot;:&quot;classic&quot;}\">\n\t\t\t\t\t\t<div class=\"elementor-container elementor-column-gap-default\">\n\t\t\t\t\t<div class=\"elementor-column elementor-col-100 elementor-top-column elementor-element elementor-element-7da3574\" data-id=\"7da3574\" data-element_type=\"column\" data-e-type=\"column\">\n\t\t\t<div class=\"elementor-widget-wrap\">\n\t\t\t\t\t\t\t<\/div>\n\t\t<\/div>\n\t\t\t\t\t<\/div>\n\t\t<\/section>\n\t\t\t\t<section class=\"elementor-section elementor-top-section elementor-element elementor-element-a18ddf8 elementor-section-boxed elementor-section-height-default elementor-section-height-default\" data-id=\"a18ddf8\" data-element_type=\"section\" data-e-type=\"section\">\n\t\t\t\t\t\t<div class=\"elementor-container elementor-column-gap-default\">\n\t\t\t\t\t<div class=\"elementor-column elementor-col-100 elementor-top-column elementor-element elementor-element-2cf0d72\" data-id=\"2cf0d72\" data-element_type=\"column\" data-e-type=\"column\">\n\t\t\t<div class=\"elementor-widget-wrap elementor-element-populated\">\n\t\t\t\t\t\t<div class=\"elementor-element elementor-element-3a8eff6 elementor-widget elementor-widget-heading\" data-id=\"3a8eff6\" data-element_type=\"widget\" data-e-type=\"widget\" data-widget_type=\"heading.default\">\n\t\t\t\t<div class=\"elementor-widget-container\">\n\t\t\t\t\t<h5 class=\"elementor-heading-title elementor-size-large\">Porte-outils t\u00e9l\u00e9command\u00e9<\/h5>\t\t\t\t<\/div>\n\t\t\t\t<\/div>\n\t\t\t\t<section class=\"elementor-section elementor-inner-section elementor-element elementor-element-db428f9 elementor-section-boxed elementor-section-height-default elementor-section-height-default\" data-id=\"db428f9\" data-element_type=\"section\" data-e-type=\"section\">\n\t\t\t\t\t\t<div class=\"elementor-container elementor-column-gap-default\">\n\t\t\t\t\t<div class=\"elementor-column elementor-col-50 elementor-inner-column elementor-element elementor-element-6e7dc51\" data-id=\"6e7dc51\" data-element_type=\"column\" data-e-type=\"column\">\n\t\t\t<div class=\"elementor-widget-wrap elementor-element-populated\">\n\t\t\t\t\t\t<div class=\"elementor-element elementor-element-29e0813 elementor-widget elementor-widget-image\" data-id=\"29e0813\" data-element_type=\"widget\" data-e-type=\"widget\" data-widget_type=\"image.default\">\n\t\t\t\t<div class=\"elementor-widget-container\">\n\t\t\t\t\t\t\t\t\t\t\t\t\t\t\t<img decoding=\"async\" width=\"253\" height=\"55\" src=\"https:\/\/empireattachments.com\/wp-content\/uploads\/2024\/09\/energreen-robo-midi-logo.png\" class=\"attachment-large size-large wp-image-3714\" alt=\"\" \/>\t\t\t\t\t\t\t\t\t\t\t\t\t\t\t<\/div>\n\t\t\t\t<\/div>\n\t\t\t\t<div class=\"elementor-element elementor-element-e6addb4 elementor-widget__width-initial elementor-widget-mobile__width-initial elementor-widget elementor-widget-text-editor\" data-id=\"e6addb4\" data-element_type=\"widget\" data-e-type=\"widget\" data-widget_type=\"text-editor.default\">\n\t\t\t\t<div class=\"elementor-widget-container\">\n\t\t\t\t\t\t\t\t\t<p><strong>RoboMIDI<\/strong> est une machine technologiquement avanc\u00e9e qui r\u00e9pond aux besoins actuels de s\u00e9curit\u00e9 et de performances exig\u00e9s par le march\u00e9.<\/p><p>Avec sa gamme de machines Robo, Energreen souhaite r\u00e9volutionner le concept traditionnel de la tonte et d&rsquo;autres types de travaux en cr\u00e9ant une machine t\u00e9l\u00e9command\u00e9e capable d\u2019effectuer des op\u00e9rations de fauchage l\u00e0 o\u00f9 auparavant seules les d\u00e9broussailleuses manuelles pouvaient \u00eatre utilis\u00e9es. Cela repr\u00e9sente une nouvelle fronti\u00e8re d&rsquo;utilisation, o\u00f9 la s\u00e9curit\u00e9 des op\u00e9rateurs est prioritaire.<\/p><p><strong>RoboMIDI<\/strong> est certainement plus rapide que les m\u00e9thodes traditionnelles de tonte ; il permet d&rsquo;optimiser le travail dans des environnements de travail tr\u00e8s vari\u00e9s.<\/p>\t\t\t\t\t\t\t\t<\/div>\n\t\t\t\t<\/div>\n\t\t\t\t\t<\/div>\n\t\t<\/div>\n\t\t\t\t<div class=\"elementor-column elementor-col-50 elementor-inner-column elementor-element elementor-element-d807522\" data-id=\"d807522\" data-element_type=\"column\" data-e-type=\"column\">\n\t\t\t<div class=\"elementor-widget-wrap elementor-element-populated\">\n\t\t\t\t\t\t<div class=\"elementor-element elementor-element-59766cc elementor-widget elementor-widget-image\" data-id=\"59766cc\" data-element_type=\"widget\" data-e-type=\"widget\" data-widget_type=\"image.default\">\n\t\t\t\t<div class=\"elementor-widget-container\">\n\t\t\t\t\t\t\t\t\t\t\t\t\t\t\t<img loading=\"lazy\" decoding=\"async\" width=\"764\" height=\"710\" src=\"https:\/\/empireattachments.com\/wp-content\/uploads\/2024\/09\/energreen-robomidi.png\" class=\"attachment-large size-large wp-image-3719\" alt=\"\" srcset=\"https:\/\/empireattachments.com\/wp-content\/uploads\/2024\/09\/energreen-robomidi.png 764w, https:\/\/empireattachments.com\/wp-content\/uploads\/2024\/09\/energreen-robomidi-300x279.png 300w\" sizes=\"(max-width: 764px) 100vw, 764px\" \/>\t\t\t\t\t\t\t\t\t\t\t\t\t\t\t<\/div>\n\t\t\t\t<\/div>\n\t\t\t\t\t<\/div>\n\t\t<\/div>\n\t\t\t\t\t<\/div>\n\t\t<\/section>\n\t\t\t\t\t<\/div>\n\t\t<\/div>\n\t\t\t\t\t<\/div>\n\t\t<\/section>\n\t\t\t\t<\/div>\n\t\t","protected":false},"excerpt":{"rendered":"<p>Energreen RoboMIDI L&rsquo;accessoire adapt\u00e9 \u00e0 chaque travail Gr\u00e2ce \u00e0 sa performance avec un moteur diesel de 60 CV et \u00e0 son syst\u00e8me hydraulique efficace, ce porte-outils polyvalent peut fonctionner avec une grande vari\u00e9t\u00e9 d&rsquo;accessoires et d&rsquo;outils professionnels, couvrant ainsi de multiples domaines. Le RoboMIDI peut \u00eatre \u00e9quip\u00e9 d&rsquo;une s\u00e9rie d&rsquo;\u00e9quipements et d&rsquo;accessoires permettant d&rsquo;exploiter pleinement [&hellip;]<\/p>\n","protected":false},"author":1,"featured_media":0,"parent":3397,"menu_order":0,"comment_status":"closed","ping_status":"closed","template":"","meta":{"inline_featured_image":false,"site-sidebar-layout":"no-sidebar","site-content-layout":"page-builder","ast-site-content-layout":"full-width-container","site-content-style":"unboxed","site-sidebar-style":"unboxed","ast-global-header-display":"","ast-banner-title-visibility":"","ast-main-header-display":"","ast-hfb-above-header-display":"","ast-hfb-below-header-display":"","ast-hfb-mobile-header-display":"","site-post-title":"disabled","ast-breadcrumbs-content":"","ast-featured-img":"disabled","footer-sml-layout":"","theme-transparent-header-meta":"default","adv-header-id-meta":"","stick-header-meta":"","header-above-stick-meta":"","header-main-stick-meta":"","header-below-stick-meta":"","astra-migrate-meta-layouts":"set","ast-page-background-enabled":"default","ast-page-background-meta":{"desktop":{"background-color":"","background-image":"","background-repeat":"repeat","background-position":"center center","background-size":"auto","background-attachment":"scroll","background-type":"","background-media":"","overlay-type":"","overlay-color":"","overlay-opacity":"","overlay-gradient":""},"tablet":{"background-color":"","background-image":"","background-repeat":"repeat","background-position":"center center","background-size":"auto","background-attachment":"scroll","background-type":"","background-media":"","overlay-type":"","overlay-color":"","overlay-opacity":"","overlay-gradient":""},"mobile":{"background-color":"","background-image":"","background-repeat":"repeat","background-position":"center center","background-size":"auto","background-attachment":"scroll","background-type":"","background-media":"","overlay-type":"","overlay-color":"","overlay-opacity":"","overlay-gradient":""}},"ast-content-background-meta":{"desktop":{"background-color":"var(--ast-global-color-5)","background-image":"","background-repeat":"repeat","background-position":"center center","background-size":"auto","background-attachment":"scroll","background-type":"","background-media":"","overlay-type":"","overlay-color":"","overlay-opacity":"","overlay-gradient":""},"tablet":{"background-color":"var(--ast-global-color-5)","background-image":"","background-repeat":"repeat","background-position":"center center","background-size":"auto","background-attachment":"scroll","background-type":"","background-media":"","overlay-type":"","overlay-color":"","overlay-opacity":"","overlay-gradient":""},"mobile":{"background-color":"var(--ast-global-color-5)","background-image":"","background-repeat":"repeat","background-position":"center center","background-size":"auto","background-attachment":"scroll","background-type":"","background-media":"","overlay-type":"","overlay-color":"","overlay-opacity":"","overlay-gradient":""}},"footnotes":""},"class_list":["post-3832","page","type-page","status-publish","hentry"],"_links":{"self":[{"href":"https:\/\/empireattachments.com\/fr\/wp-json\/wp\/v2\/pages\/3832","targetHints":{"allow":["GET"]}}],"collection":[{"href":"https:\/\/empireattachments.com\/fr\/wp-json\/wp\/v2\/pages"}],"about":[{"href":"https:\/\/empireattachments.com\/fr\/wp-json\/wp\/v2\/types\/page"}],"author":[{"embeddable":true,"href":"https:\/\/empireattachments.com\/fr\/wp-json\/wp\/v2\/users\/1"}],"replies":[{"embeddable":true,"href":"https:\/\/empireattachments.com\/fr\/wp-json\/wp\/v2\/comments?post=3832"}],"version-history":[{"count":10,"href":"https:\/\/empireattachments.com\/fr\/wp-json\/wp\/v2\/pages\/3832\/revisions"}],"predecessor-version":[{"id":3842,"href":"https:\/\/empireattachments.com\/fr\/wp-json\/wp\/v2\/pages\/3832\/revisions\/3842"}],"up":[{"embeddable":true,"href":"https:\/\/empireattachments.com\/fr\/wp-json\/wp\/v2\/pages\/3397"}],"wp:attachment":[{"href":"https:\/\/empireattachments.com\/fr\/wp-json\/wp\/v2\/media?parent=3832"}],"curies":[{"name":"wp","href":"https:\/\/api.w.org\/{rel}","templated":true}]}}